{"id":869,"date":"2018-03-21T04:20:53","date_gmt":"2018-03-21T04:20:53","guid":{"rendered":"https:\/\/brixel.radiantthemes.com\/?page_id=869"},"modified":"2024-01-04T22:32:37","modified_gmt":"2024-01-04T19:32:37","slug":"iletisim","status":"publish","type":"page","link":"https:\/\/ginsainsaat.com\/index.php\/iletisim\/","title":{"rendered":"\u0130leti\u015fim"},"content":{"rendered":"<div class=\"wpb-content-wrapper\"><p>[vc_row full_width=&#8221;stretch_row&#8221; equal_height=&#8221;yes&#8221; css_animation=&#8221;none&#8221; css=&#8221;.vc_custom_1521612917477{margin-top: 0px !important;margin-bottom: 0px !important;padding-top: 70px !important;padding-bottom: 40px !important;background-color: #ffffff !important;}&#8221;][vc_column width=&#8221;1\/3&#8243; css=&#8221;.vc_custom_1521612851473{margin-top: 0px !important;margin-bottom: 40px !important;border-right-width: 1px !important;padding-top: 0px !important;padding-right: 35px !important;padding-bottom: 0px !important;padding-left: 35px !important;border-right-color: #eaeaea !important;border-right-style: solid !important;}&#8221; el_class=&#8221;border-right&#8221;][vc_single_image image=&#8221;929&#8243; img_size=&#8221;full&#8221; alignment=&#8221;center&#8221; css=&#8221;.vc_custom_1521612679608{margin-top: 0px !important;margin-bottom: 10px !important;}&#8221;][vc_custom_heading text=&#8221;TELEFON&#8221; font_container=&#8221;tag:h3|font_size:16px|text_align:center|line_height:24px&#8221; use_theme_fonts=&#8221;yes&#8221;][vc_custom_heading text=&#8221;(0232) 259 40 24&#8243; font_container=&#8221;tag:h4|font_size:16px|text_align:center|color:%230080ff|line_height:24px&#8221; use_theme_fonts=&#8221;yes&#8221; css=&#8221;.vc_custom_1704396618907{margin-top: 25px !important;margin-bottom: 0px !important;padding-top: 0px !important;padding-bottom: 0px !important;}&#8221;][\/vc_column][vc_column width=&#8221;1\/3&#8243; css=&#8221;.vc_custom_1521612867891{margin-top: 0px !important;margin-bottom: 40px !important;border-right-width: 1px !important;padding-top: 0px !important;padding-right: 35px !important;padding-bottom: 0px !important;padding-left: 35px !important;border-right-color: #eaeaea !important;border-right-style: solid !important;}&#8221; el_class=&#8221;border-right&#8221;][vc_single_image image=&#8221;930&#8243; img_size=&#8221;full&#8221; alignment=&#8221;center&#8221; css=&#8221;.vc_custom_1521612698362{margin-top: 0px !important;margin-bottom: 10px !important;}&#8221;][vc_custom_heading text=&#8221;E-POSTA&#8221; font_container=&#8221;tag:h3|font_size:16px|text_align:center|line_height:24px&#8221; use_theme_fonts=&#8221;yes&#8221;][vc_custom_heading text=&#8221;info@ginsainsaat.com&#8221; font_container=&#8221;tag:h4|font_size:16px|text_align:center|color:%230080ff|line_height:24px&#8221; use_theme_fonts=&#8221;yes&#8221; css=&#8221;.vc_custom_1704396630479{margin-top: 25px !important;margin-bottom: 0px !important;padding-top: 0px !important;padding-bottom: 0px !important;}&#8221;][\/vc_column][vc_column width=&#8221;1\/3&#8243; css=&#8221;.vc_custom_1521612880967{margin-top: 0px !important;margin-bottom: 40px !important;padding-top: 0px !important;padding-right: 35px !important;padding-bottom: 0px !important;padding-left: 35px !important;}&#8221;][vc_single_image image=&#8221;931&#8243; img_size=&#8221;full&#8221; alignment=&#8221;center&#8221; css=&#8221;.vc_custom_1521612716049{margin-top: 0px !important;margin-bottom: 10px !important;}&#8221;][vc_custom_heading text=&#8221;ADRES&#8221; font_container=&#8221;tag:h3|font_size:16px|text_align:center|line_height:24px&#8221; use_theme_fonts=&#8221;yes&#8221;][vc_custom_heading text=&#8221;\u00c7etin Eme\u00e7 Mah. Fethi Bey Sok. No: 53\/B, Bal\u00e7ova \/ \u0130zmir&#8221; font_container=&#8221;tag:h4|font_size:16px|text_align:center|color:%230080ff|line_height:24px&#8221; use_theme_fonts=&#8221;yes&#8221; css=&#8221;.vc_custom_1704396647282{margin-top: 25px !important;margin-bottom: 0px !important;padding-top: 0px !important;padding-bottom: 0px !important;}&#8221;][\/vc_column][\/vc_row][vc_row full_width=&#8221;stretch_row&#8221; equal_height=&#8221;yes&#8221; css_animation=&#8221;none&#8221; css=&#8221;.vc_custom_1519735285326{margin-top: 0px !important;margin-bottom: 0px !important;padding-top: 73px !important;padding-bottom: 73px !important;background-color: #f7f7f7 !important;}&#8221;][vc_column width=&#8221;1\/6&#8243; css=&#8221;.vc_custom_1519735313463{margin-top: 0px !important;margin-bottom: 0px !important;padding-top: 0px !important;padding-bottom: 0px !important;}&#8221;][\/vc_column][vc_column width=&#8221;2\/3&#8243; css=&#8221;.vc_custom_1519733264007{margin-top: 0px !important;margin-bottom: 0px !important;padding-top: 0px !important;padding-bottom: 0px !important;}&#8221;][vc_custom_heading text=&#8221;Bizimle \u0130leti\u015fime Ge\u00e7in&#8221; font_container=&#8221;tag:h3|font_size:36px|text_align:center|line_height:45px&#8221; use_theme_fonts=&#8221;yes&#8221; css_animation=&#8221;none&#8221; css=&#8221;.vc_custom_1703058285513{margin-top: 0px !important;margin-bottom: 15px !important;}&#8221; el_class=&#8221;font-weight-bold&#8221;][vc_column_text css_animation=&#8221;none&#8221; css=&#8221;.vc_custom_1703058509667{margin-top: 0px !important;margin-bottom: 30px !important;}&#8221;]<\/p>\n<p style=\"text-align: center;\">\u0130htiya\u00e7lar\u0131n\u0131z\u0131 dinleyip, sizin i\u00e7in en uygun \u00e7\u00f6z\u00fcmleri sunmak i\u00e7in buraday\u0131z.<\/p>\n<p>[\/vc_column_text][\/vc_column][vc_column width=&#8221;1\/6&#8243;][\/vc_column][\/vc_row][vc_row full_width=&#8221;stretch_row_content_no_spaces&#8221; equal_height=&#8221;yes&#8221; css_animation=&#8221;none&#8221; css=&#8221;.vc_custom_1521613164931{margin-top: 0px !important;margin-bottom: 0px !important;padding-top: 0px !important;padding-bottom: 0px !important;background-color: #ffffff !important;}&#8221;][vc_column css=&#8221;.vc_custom_1521613175033{padding-top: 0px !important;padding-bottom: 0px !important;}&#8221;][vc_gmaps link=&#8221;#E-8_JTNDaWZyYW1lJTIwc3JjJTNEJTIyaHR0cHMlM0ElMkYlMkZ3d3cuZ29vZ2xlLmNvbSUyRm1hcHMlMkZlbWJlZCUzRnBiJTNEJTIxMW0xOCUyMTFtMTIlMjExbTMlMjExZDMxMjcuNDg4MDg5MzIwNDAxMyUyMTJkMjcuMDU4NzQxOTU0MzAwMzczJTIxM2QzOC4zODM5NjIxODU5MTkxMiUyMTJtMyUyMTFmMCUyMTJmMCUyMTNmMCUyMTNtMiUyMTFpMTAyNCUyMTJpNzY4JTIxNGYxMy4xJTIxM20zJTIxMW0yJTIxMXMweDE0YmJkYzM5OWUxNjJkNGQlMjUzQTB4ZmNmZWQzZWQ5ZjE4ZWU4NCUyMTJ6dzRkbGRHbHVJRVZ0WmNPbkxDQkdaWFJvYVNCQ1pYa2dVMjlyWWNTZnhMRWdOVE12UWl3Z016VXpNekFnUW1Gc3c2ZHZkbUV2eExCNmJXbHklMjE1ZTAlMjEzbTIlMjExc3RyJTIxMnN0ciUyMTR2MTcwMzA1ODQyMTExOSUyMTVtMiUyMTFzdHIlMjEyc3RyJTIyJTIwd2lkdGglM0QlMjI2MDAlMjIlMjBoZWlnaHQlM0QlMjI0NTAlMjIlMjBzdHlsZSUzRCUyMmJvcmRlciUzQTAlM0IlMjIlMjBhbGxvd2Z1bGxzY3JlZW4lM0QlMjIlMjIlMjBsb2FkaW5nJTNEJTIybGF6eSUyMiUyMHJlZmVycmVycG9saWN5JTNEJTIybm8tcmVmZXJyZXItd2hlbi1kb3duZ3JhZGUlMjIlM0UlM0MlMkZpZnJhbWUlM0U=&#8221; css=&#8221;.vc_custom_1703058434100{margin-top: 0px !important;margin-bottom: 0px !important;padding-top: 0px !important;padding-bottom: 0px !important;}&#8221; el_class=&#8221;contact-three-map&#8221;][\/vc_column][\/vc_row]<\/p>\n<\/div>","protected":false},"excerpt":{"rendered":"<p>[vc_row full_width=&#8221;stretch_row&#8221; equal_height=&#8221;yes&#8221; css_animation=&#8221;none&#8221; css=&#8221;.vc_custom_1521612917477{margin-top: 0px !important;margin-bottom: 0px !important;padding-top: 70px !important;padding-bottom: 40px !important;background-color: #ffffff !important;}&#8221;][vc_column width=&#8221;1\/3&#8243; css=&#8221;.vc_custom_1521612851473{margin-top: 0px !important;margin-bottom: 40px !important;border-right-width: 1px !important;padding-top: 0px !important;padding-right: 35px !important;padding-bottom: 0px !important;padding-left: 35px !important;border-right-color: #eaeaea !important;border-right-style: solid !important;}&#8221; el_class=&#8221;border-right&#8221;][vc_single_image image=&#8221;929&#8243; img_size=&#8221;full&#8221; alignment=&#8221;center&#8221; css=&#8221;.vc_custom_1521612679608{margin-top: 0px !important;margin-bottom: 10px !important;}&#8221;][vc_custom_heading text=&#8221;TELEFON&#8221; font_container=&#8221;tag:h3|font_size:16px|text_align:center|line_height:24px&#8221; use_theme_fonts=&#8221;yes&#8221;][vc_custom_heading text=&#8221;(0232) 259 40 24&#8243; font_container=&#8221;tag:h4|font_size:16px|text_align:center|color:%230080ff|line_height:24px&#8221; use_theme_fonts=&#8221;yes&#8221; css=&#8221;.vc_custom_1704396618907{margin-top: 25px [&hellip;]<\/p>\n","protected":false},"author":1,"featured_media":0,"parent":0,"menu_order":0,"comment_status":"closed","ping_status":"closed","template":"","meta":{"footnotes":""},"class_list":["post-869","page","type-page","status-publish","hentry"],"yoast_head":"<!-- This site is optimized with the Yoast SEO plugin v27.4 - https:\/\/yoast.com\/product\/yoast-seo-wordpress\/ -->\n<title>\u0130leti\u015fim - Ginsa \u0130n\u015faat<\/title>\n<meta name=\"robots\" content=\"index, follow, max-snippet:-1, max-image-preview:large, max-video-preview:-1\" \/>\n<link rel=\"canonical\" href=\"https:\/\/ginsainsaat.com\/index.php\/iletisim\/\" \/>\n<meta property=\"og:locale\" content=\"tr_TR\" \/>\n<meta property=\"og:type\" content=\"article\" \/>\n<meta property=\"og:title\" content=\"\u0130leti\u015fim - Ginsa \u0130n\u015faat\" \/>\n<meta property=\"og:description\" content=\"[vc_row full_width=&#8221;stretch_row&#8221; equal_height=&#8221;yes&#8221; css_animation=&#8221;none&#8221; css=&#8221;.vc_custom_1521612917477{margin-top: 0px !important;margin-bottom: 0px !important;padding-top: 70px !important;padding-bottom: 40px !important;background-color: #ffffff !important;}&#8221;][vc_column width=&#8221;1\/3&#8243; css=&#8221;.vc_custom_1521612851473{margin-top: 0px !important;margin-bottom: 40px !important;border-right-width: 1px !important;padding-top: 0px !important;padding-right: 35px !important;padding-bottom: 0px !important;padding-left: 35px !important;border-right-color: #eaeaea !important;border-right-style: solid !important;}&#8221; el_class=&#8221;border-right&#8221;][vc_single_image image=&#8221;929&#8243; img_size=&#8221;full&#8221; alignment=&#8221;center&#8221; css=&#8221;.vc_custom_1521612679608{margin-top: 0px !important;margin-bottom: 10px !important;}&#8221;][vc_custom_heading text=&#8221;TELEFON&#8221; font_container=&#8221;tag:h3|font_size:16px|text_align:center|line_height:24px&#8221; use_theme_fonts=&#8221;yes&#8221;][vc_custom_heading text=&#8221;(0232) 259 40 24&#8243; font_container=&#8221;tag:h4|font_size:16px|text_align:center|color:%230080ff|line_height:24px&#8221; use_theme_fonts=&#8221;yes&#8221; css=&#8221;.vc_custom_1704396618907{margin-top: 25px [&hellip;]\" \/>\n<meta property=\"og:url\" content=\"https:\/\/ginsainsaat.com\/index.php\/iletisim\/\" \/>\n<meta property=\"og:site_name\" content=\"Ginsa \u0130n\u015faat\" \/>\n<meta property=\"article:modified_time\" content=\"2024-01-04T19:32:37+00:00\" \/>\n<meta name=\"twitter:card\" content=\"summary_large_image\" \/>\n<meta name=\"twitter:label1\" content=\"Tahmini okuma s\u00fcresi\" \/>\n\t<meta name=\"twitter:data1\" content=\"3 dakika\" \/>\n<script type=\"application\/ld+json\" class=\"yoast-schema-graph\">{\"@context\":\"https:\\\/\\\/schema.org\",\"@graph\":[{\"@type\":\"WebPage\",\"@id\":\"https:\\\/\\\/ginsainsaat.com\\\/index.php\\\/iletisim\\\/\",\"url\":\"https:\\\/\\\/ginsainsaat.com\\\/index.php\\\/iletisim\\\/\",\"name\":\"\u0130leti\u015fim - Ginsa \u0130n\u015faat\",\"isPartOf\":{\"@id\":\"https:\\\/\\\/ginsainsaat.com\\\/#website\"},\"datePublished\":\"2018-03-21T04:20:53+00:00\",\"dateModified\":\"2024-01-04T19:32:37+00:00\",\"breadcrumb\":{\"@id\":\"https:\\\/\\\/ginsainsaat.com\\\/index.php\\\/iletisim\\\/#breadcrumb\"},\"inLanguage\":\"tr\",\"potentialAction\":[{\"@type\":\"ReadAction\",\"target\":[\"https:\\\/\\\/ginsainsaat.com\\\/index.php\\\/iletisim\\\/\"]}]},{\"@type\":\"BreadcrumbList\",\"@id\":\"https:\\\/\\\/ginsainsaat.com\\\/index.php\\\/iletisim\\\/#breadcrumb\",\"itemListElement\":[{\"@type\":\"ListItem\",\"position\":1,\"name\":\"Anasayfa\",\"item\":\"https:\\\/\\\/ginsainsaat.com\\\/\"},{\"@type\":\"ListItem\",\"position\":2,\"name\":\"\u0130leti\u015fim\"}]},{\"@type\":\"WebSite\",\"@id\":\"https:\\\/\\\/ginsainsaat.com\\\/#website\",\"url\":\"https:\\\/\\\/ginsainsaat.com\\\/\",\"name\":\"Ginsa \u0130n\u015faat\",\"description\":\"\",\"publisher\":{\"@id\":\"https:\\\/\\\/ginsainsaat.com\\\/#organization\"},\"potentialAction\":[{\"@type\":\"SearchAction\",\"target\":{\"@type\":\"EntryPoint\",\"urlTemplate\":\"https:\\\/\\\/ginsainsaat.com\\\/?s={search_term_string}\"},\"query-input\":{\"@type\":\"PropertyValueSpecification\",\"valueRequired\":true,\"valueName\":\"search_term_string\"}}],\"inLanguage\":\"tr\"},{\"@type\":\"Organization\",\"@id\":\"https:\\\/\\\/ginsainsaat.com\\\/#organization\",\"name\":\"Ginsa \u0130n\u015faat\",\"url\":\"https:\\\/\\\/ginsainsaat.com\\\/\",\"logo\":{\"@type\":\"ImageObject\",\"inLanguage\":\"tr\",\"@id\":\"https:\\\/\\\/ginsainsaat.com\\\/#\\\/schema\\\/logo\\\/image\\\/\",\"url\":\"https:\\\/\\\/ginsainsaat.com\\\/wp-content\\\/uploads\\\/2023\\\/12\\\/logoo.png\",\"contentUrl\":\"https:\\\/\\\/ginsainsaat.com\\\/wp-content\\\/uploads\\\/2023\\\/12\\\/logoo.png\",\"width\":200,\"height\":67,\"caption\":\"Ginsa \u0130n\u015faat\"},\"image\":{\"@id\":\"https:\\\/\\\/ginsainsaat.com\\\/#\\\/schema\\\/logo\\\/image\\\/\"}}]}<\/script>\n<!-- \/ Yoast SEO plugin. -->","yoast_head_json":{"title":"\u0130leti\u015fim - Ginsa \u0130n\u015faat","robots":{"index":"index","follow":"follow","max-snippet":"max-snippet:-1","max-image-preview":"max-image-preview:large","max-video-preview":"max-video-preview:-1"},"canonical":"https:\/\/ginsainsaat.com\/index.php\/iletisim\/","og_locale":"tr_TR","og_type":"article","og_title":"\u0130leti\u015fim - Ginsa \u0130n\u015faat","og_description":"[vc_row full_width=&#8221;stretch_row&#8221; equal_height=&#8221;yes&#8221; css_animation=&#8221;none&#8221; css=&#8221;.vc_custom_1521612917477{margin-top: 0px !important;margin-bottom: 0px !important;padding-top: 70px !important;padding-bottom: 40px !important;background-color: #ffffff !important;}&#8221;][vc_column width=&#8221;1\/3&#8243; css=&#8221;.vc_custom_1521612851473{margin-top: 0px !important;margin-bottom: 40px !important;border-right-width: 1px !important;padding-top: 0px !important;padding-right: 35px !important;padding-bottom: 0px !important;padding-left: 35px !important;border-right-color: #eaeaea !important;border-right-style: solid !important;}&#8221; el_class=&#8221;border-right&#8221;][vc_single_image image=&#8221;929&#8243; img_size=&#8221;full&#8221; alignment=&#8221;center&#8221; css=&#8221;.vc_custom_1521612679608{margin-top: 0px !important;margin-bottom: 10px !important;}&#8221;][vc_custom_heading text=&#8221;TELEFON&#8221; font_container=&#8221;tag:h3|font_size:16px|text_align:center|line_height:24px&#8221; use_theme_fonts=&#8221;yes&#8221;][vc_custom_heading text=&#8221;(0232) 259 40 24&#8243; font_container=&#8221;tag:h4|font_size:16px|text_align:center|color:%230080ff|line_height:24px&#8221; use_theme_fonts=&#8221;yes&#8221; css=&#8221;.vc_custom_1704396618907{margin-top: 25px [&hellip;]","og_url":"https:\/\/ginsainsaat.com\/index.php\/iletisim\/","og_site_name":"Ginsa \u0130n\u015faat","article_modified_time":"2024-01-04T19:32:37+00:00","twitter_card":"summary_large_image","twitter_misc":{"Tahmini okuma s\u00fcresi":"3 dakika"},"schema":{"@context":"https:\/\/schema.org","@graph":[{"@type":"WebPage","@id":"https:\/\/ginsainsaat.com\/index.php\/iletisim\/","url":"https:\/\/ginsainsaat.com\/index.php\/iletisim\/","name":"\u0130leti\u015fim - Ginsa \u0130n\u015faat","isPartOf":{"@id":"https:\/\/ginsainsaat.com\/#website"},"datePublished":"2018-03-21T04:20:53+00:00","dateModified":"2024-01-04T19:32:37+00:00","breadcrumb":{"@id":"https:\/\/ginsainsaat.com\/index.php\/iletisim\/#breadcrumb"},"inLanguage":"tr","potentialAction":[{"@type":"ReadAction","target":["https:\/\/ginsainsaat.com\/index.php\/iletisim\/"]}]},{"@type":"BreadcrumbList","@id":"https:\/\/ginsainsaat.com\/index.php\/iletisim\/#breadcrumb","itemListElement":[{"@type":"ListItem","position":1,"name":"Anasayfa","item":"https:\/\/ginsainsaat.com\/"},{"@type":"ListItem","position":2,"name":"\u0130leti\u015fim"}]},{"@type":"WebSite","@id":"https:\/\/ginsainsaat.com\/#website","url":"https:\/\/ginsainsaat.com\/","name":"Ginsa \u0130n\u015faat","description":"","publisher":{"@id":"https:\/\/ginsainsaat.com\/#organization"},"potentialAction":[{"@type":"SearchAction","target":{"@type":"EntryPoint","urlTemplate":"https:\/\/ginsainsaat.com\/?s={search_term_string}"},"query-input":{"@type":"PropertyValueSpecification","valueRequired":true,"valueName":"search_term_string"}}],"inLanguage":"tr"},{"@type":"Organization","@id":"https:\/\/ginsainsaat.com\/#organization","name":"Ginsa \u0130n\u015faat","url":"https:\/\/ginsainsaat.com\/","logo":{"@type":"ImageObject","inLanguage":"tr","@id":"https:\/\/ginsainsaat.com\/#\/schema\/logo\/image\/","url":"https:\/\/ginsainsaat.com\/wp-content\/uploads\/2023\/12\/logoo.png","contentUrl":"https:\/\/ginsainsaat.com\/wp-content\/uploads\/2023\/12\/logoo.png","width":200,"height":67,"caption":"Ginsa \u0130n\u015faat"},"image":{"@id":"https:\/\/ginsainsaat.com\/#\/schema\/logo\/image\/"}}]}},"_links":{"self":[{"href":"https:\/\/ginsainsaat.com\/index.php\/wp-json\/wp\/v2\/pages\/869","targetHints":{"allow":["GET"]}}],"collection":[{"href":"https:\/\/ginsainsaat.com\/index.php\/wp-json\/wp\/v2\/pages"}],"about":[{"href":"https:\/\/ginsainsaat.com\/index.php\/wp-json\/wp\/v2\/types\/page"}],"author":[{"embeddable":true,"href":"https:\/\/ginsainsaat.com\/index.php\/wp-json\/wp\/v2\/users\/1"}],"replies":[{"embeddable":true,"href":"https:\/\/ginsainsaat.com\/index.php\/wp-json\/wp\/v2\/comments?post=869"}],"version-history":[{"count":5,"href":"https:\/\/ginsainsaat.com\/index.php\/wp-json\/wp\/v2\/pages\/869\/revisions"}],"predecessor-version":[{"id":3507,"href":"https:\/\/ginsainsaat.com\/index.php\/wp-json\/wp\/v2\/pages\/869\/revisions\/3507"}],"wp:attachment":[{"href":"https:\/\/ginsainsaat.com\/index.php\/wp-json\/wp\/v2\/media?parent=869"}],"curies":[{"name":"wp","href":"https:\/\/api.w.org\/{rel}","templated":true}]}}